{"id":11,"date":"2020-03-11T16:45:45","date_gmt":"2020-03-11T16:45:45","guid":{"rendered":"http:\/\/operameetsnature.com\/?page_id=11"},"modified":"2024-04-22T07:18:42","modified_gmt":"2024-04-22T07:18:42","slug":"verein","status":"publish","type":"page","link":"http:\/\/operameetsnature.com\/","title":{"rendered":"Verein"},"content":{"rendered":"\n<p class=\"has-medium-font-size\">Der Wald und\ndie Klimapolitik sind in aller Munde, es wird demonstriert, diskutiert und\ngestritten. Wir wollen aus dem Bereich der Klassik\/Oper einen starken Impuls\nsetzen.<\/p>\n\n\n\n<p>Aufgrund\neines Artikels \u201eLasst uns Milliarden B\u00e4ume pflanzen\u201c am 7. Juli 2019 in der\nS\u00fcddeutschen Zeitung, den der Startenor Andreas Schager bei Facebook gepostet\nhat, entstand die Idee etwas zu tun: \u201eLasst uns B\u00e4ume pflanzen!\u201c und es wurde\ndie Initiative \u201eopera meets nature\u201c gegr\u00fcndet.<\/p>\n\n\n\n<p>Das Pilotprojekt wurde im Dezember in Wiesbaden mit dem Hessischen Staatstheater umgesetzt. Im Wiesbadener Forst wird f\u00fcr dieses Projekt der \u201eNibelungenwald\u201c in der Gr\u00f6\u00dfe von einem Hektar zur Verf\u00fcgung gestellt. Gepflanzt werden Eichen und Wei\u00dftannen, jeder Baum kostet ca. 10,00 \u20ac.<\/p>\n\n\n\n<p>Andreas\nSchager und Turgay Schmidt m\u00f6chten von Hessen aus \u201eOpera meets nature\u201c auf\nm\u00f6glichst viele deutsche Opernh\u00e4user ausweiten. Interesse haben bereits zahlreiche\ndeutsche Opernh\u00e4user signalisiert. Ein solcher Impuls aus dem Bereich der Oper,\nder Kunst wird nicht erwartet und \u00fcberrascht viele, aber er kann viel Gutes f\u00fcr\nden Wald, die Natur und unser Klima bewirken. Es gibt kein Land in dem so viele\nOpernh\u00e4user existieren, wie in Deutschland. Die Problematik des Waldes l\u00e4sst\nsich allerdings \u00fcberall vorfinden. So liegen diverse Aktionen der Opernh\u00e4user\noder S\u00e4ngerinnen, S\u00e4nger, Orchester, mit Konzerten, Liederabenden,\nOpernabenden, Violinkonzerten etc. die Kunst mit der Natur zu verschmelzen auf\nder Hand. Andreas Schager und Turgay Schmidt haben mittlerweile den\ngemeinn\u00fctzigen Verein \u201eOpera meets nature e.V.\u201c mit Sitz in Gie\u00dfen gegr\u00fcndet,\num eine ad\u00e4quate Plattform f\u00fcr Investoren, F\u00f6rderer etc. zu haben. Neben den\nEvents mit den Opernh\u00e4usern sollen klassische Konzerte an besonderen\nNaturschaupl\u00e4tzen durchgef\u00fchrt werden. Bereits ist die Resonanz aus den Kreisen\nder Opernwelt enorm. <\/p>\n\n\n\n<p>&nbsp;\u201eOpera meets nature\u201c &nbsp;hat mit dem Impuls aus dem Bereich der Oper ein Alleinstellungsmerkmal und kann mit klassischen Events uns Aktionen eine nachhaltige Verbesserung der Situation des Waldes an den jeweiligen Standorten bewirken. Es ist unser besonderes Anliegen, dass \u201eOpera meets nature\u201c sich ausbreitet und \u00fcber die Opernh\u00e4user in ganz Deutschland und vielleicht dar\u00fcber hinaus in Europa aufgegriffen und umgesetzt wird. &nbsp;<\/p>\n\n\n\n<p><\/p>\n\n\n\n<p>Mit freundlichen Gr\u00fc\u00dfen<br>Turgay Schmidt&nbsp;&nbsp;&nbsp;&nbsp; Andreas Schager <\/p>\n\n\n\n<p><br><br><\/p>\n\n\n\n<p>Baumspende: Kosten pro Baum: 10,- \u20ac<br><\/p>\n\n\n\n<p><strong>Opera meets nature e.V.<\/strong><br>Volksbank Mittelhessen<br>IBAN: <strong>DE48 5139 0000 0076 2575 07<\/strong><br>BIC:    <strong>VBMHDE5F<\/strong><\/p>\n\n\n\n<p> Wir freuen uns \u00fcber zahlreiche Baumspenden!<\/p>\n","protected":false},"excerpt":{"rendered":"<p>Der Wald und die Klimapolitik sind in aller Munde, es wird demonstriert, diskutiert und gestritten. Wir wollen aus dem Bereich der Klassik\/Oper einen starken Impuls setzen. Aufgrund eines Artikels \u201eLasst uns Milliarden B\u00e4ume pflanzen\u201c am 7. Juli 2019 in der S\u00fcddeutschen Zeitung, den der Startenor Andreas Schager bei Facebook gepostet hat, entstand die Idee etwas&hellip; <br \/> <a class=\"read-more\" href=\"http:\/\/operameetsnature.com\/\">Weiterlesen<\/a><\/p>\n","protected":false},"author":1,"featured_media":0,"parent":0,"menu_order":0,"comment_status":"closed","ping_status":"closed","template":"","meta":{"footnotes":""},"_links":{"self":[{"href":"http:\/\/operameetsnature.com\/index.php?rest_route=\/wp\/v2\/pages\/11"}],"collection":[{"href":"http:\/\/operameetsnature.com\/index.php?rest_route=\/wp\/v2\/pages"}],"about":[{"href":"http:\/\/operameetsnature.com\/index.php?rest_route=\/wp\/v2\/types\/page"}],"author":[{"embeddable":true,"href":"http:\/\/operameetsnature.com\/index.php?rest_route=\/wp\/v2\/users\/1"}],"replies":[{"embeddable":true,"href":"http:\/\/operameetsnature.com\/index.php?rest_route=%2Fwp%2Fv2%2Fcomments&post=11"}],"version-history":[{"count":13,"href":"http:\/\/operameetsnature.com\/index.php?rest_route=\/wp\/v2\/pages\/11\/revisions"}],"predecessor-version":[{"id":274,"href":"http:\/\/operameetsnature.com\/index.php?rest_route=\/wp\/v2\/pages\/11\/revisions\/274"}],"wp:attachment":[{"href":"http:\/\/operameetsnature.com\/index.php?rest_route=%2Fwp%2Fv2%2Fmedia&parent=11"}],"curies":[{"name":"wp","href":"https:\/\/api.w.org\/{rel}","templated":true}]}}